{"id":2088,"date":"2021-08-18T14:49:13","date_gmt":"2021-08-18T14:49:13","guid":{"rendered":"http:\/\/capitalhistory.ca\/?page_id=2088\/"},"modified":"2021-08-18T14:52:15","modified_gmt":"2021-08-18T14:52:15","slug":"archive-legenreetlasexualite","status":"publish","type":"page","link":"https:\/\/capitalhistory.ca\/fr\/archive-legenreetlasexualite\/","title":{"rendered":"Archive: Le Genre et la Sexualit\u00e9"},"content":{"rendered":"\t\t<div data-elementor-type=\"wp-page\" data-elementor-id=\"2088\" class=\"elementor elementor-2088\" data-elementor-settings=\"[]\">\n\t\t\t\t\t\t\t<div class=\"elementor-section-wrap\">\n\t\t\t\t\t\t\t<section class=\"elementor-section elementor-top-section elementor-element elementor-element-7bd8256a elementor-section-boxed elementor-section-height-default elementor-section-height-default\" data-id=\"7bd8256a\" data-element_type=\"section\">\n\t\t\t\t\t\t<div class=\"elementor-container elementor-column-gap-default\">\n\t\t\t\t\t<div class=\"elementor-column elementor-col-100 elementor-top-column elementor-element elementor-element-6353b132\" data-id=\"6353b132\" data-element_type=\"column\">\n\t\t\t<div class=\"elementor-widget-wrap elementor-element-populated\">\n\t\t\t\t\t\t\t\t<div class=\"elementor-element elementor-element-206113a0 elementor-widget elementor-widget-heading\" data-id=\"206113a0\" data-element_type=\"widget\" data-widget_type=\"heading.default\">\n\t\t\t\t<div class=\"elementor-widget-container\">\n\t\t\t<h2 class=\"elementor-heading-title elementor-size-default\">Archives: Le Genre et la Sexualit\u00e9<\/h2>\t\t<\/div>\n\t\t\t\t<\/div>\n\t\t\t\t\t<\/div>\n\t\t<\/div>\n\t\t\t\t\t\t\t<\/div>\n\t\t<\/section>\n\t\t\t\t<section class=\"elementor-section elementor-top-section elementor-element elementor-element-53e81a06 elementor-section-boxed elementor-section-height-default elementor-section-height-default\" data-id=\"53e81a06\" data-element_type=\"section\">\n\t\t\t\t\t\t<div class=\"elementor-container elementor-column-gap-default\">\n\t\t\t\t\t<div class=\"elementor-column elementor-col-100 elementor-top-column elementor-element elementor-element-434559a9\" data-id=\"434559a9\" data-element_type=\"column\">\n\t\t\t<div class=\"elementor-widget-wrap elementor-element-populated\">\n\t\t\t\t\t\t\t\t<div class=\"elementor-element elementor-element-52dc2f96 elementor-grid-2 elementor-grid-tablet-2 elementor-grid-mobile-1 elementor-posts--thumbnail-top elementor-card-shadow-yes elementor-posts__hover-gradient elementor-widget elementor-widget-posts\" data-id=\"52dc2f96\" data-element_type=\"widget\" data-settings=\"{&quot;pagination_type&quot;:&quot;numbers&quot;,&quot;cards_columns&quot;:&quot;2&quot;,&quot;cards_columns_tablet&quot;:&quot;2&quot;,&quot;cards_columns_mobile&quot;:&quot;1&quot;,&quot;cards_row_gap&quot;:{&quot;unit&quot;:&quot;px&quot;,&quot;size&quot;:35,&quot;sizes&quot;:[]}}\" data-widget_type=\"posts.cards\">\n\t\t\t\t<div class=\"elementor-widget-container\">\n\t\t\t\t\t<div class=\"elementor-posts-container elementor-posts elementor-posts--skin-cards elementor-grid\">\n\t\t\t\t<article class=\"elementor-post elementor-grid-item post-980 post type-post status-publish format-standard hentry category-le-genre-et-la-sexualite\">\n\t\t\t<div class=\"elementor-post__card\">\n\t\t\t\t<div class=\"elementor-post__text\">\n\t\t\t\t<h3 class=\"elementor-post__title\">\n\t\t\t<a href=\"https:\/\/capitalhistory.ca\/fr\/le-genre-et-la-sexualite\/communautes-2slgbtqia-a-ottawa\/\" >\n\t\t\t\tCommunaut\u00e9s 2SLGBTQIA+ \u00e0 Ottawa\t\t\t<\/a>\n\t\t<\/h3>\n\t\t\t\t<div class=\"elementor-post__excerpt\">\n\t\t\t<p>&nbsp; &nbsp; Le parc qui surplombe la rivi\u00e8re offre une vue d\u00e9gag\u00e9e sur la Colline du Parlement, o\u00f9 les militants ont organis\u00e9 la manifestation We<\/p>\n\t\t<\/div>\n\t\t\t\t\t<a class=\"elementor-post__read-more\" href=\"https:\/\/capitalhistory.ca\/fr\/le-genre-et-la-sexualite\/communautes-2slgbtqia-a-ottawa\/\" >\n\t\t\t\tRead More \u00bb\t\t\t<\/a>\n\t\t\t\t<\/div>\n\t\t\t\t<div class=\"elementor-post__meta-data\">\n\t\t\t\t\t<span class=\"elementor-post-date\">\n\t\t\tJanuary 10, 2020\t\t<\/span>\n\t\t\t\t<span class=\"elementor-post-avatar\">\n\t\t\tNo Comments\t\t<\/span>\n\t\t\t\t<\/div>\n\t\t\t\t\t<\/div>\n\t\t<\/article>\n\t\t\t\t<article class=\"elementor-post elementor-grid-item post-745 post type-post status-publish format-standard hentry category-le-genre-et-la-sexualite\">\n\t\t\t<div class=\"elementor-post__card\">\n\t\t\t\t<div class=\"elementor-post__text\">\n\t\t\t\t<h3 class=\"elementor-post__title\">\n\t\t\t<a href=\"https:\/\/capitalhistory.ca\/fr\/le-genre-et-la-sexualite\/lhotel-lord-elgin\/\" >\n\t\t\t\tL&#8217;H\u00d4TEL LORD ELGIN\t\t\t<\/a>\n\t\t<\/h3>\n\t\t\t\t<div class=\"elementor-post__excerpt\">\n\t\t\t<p>Source L\u2019h\u00f4tel Lord Elgin, que l\u2019on voit sur cette photo prise en 1942, est un rep\u00e8re d\u2019Ottawa. Le Lord Elgin \u2013 ou LE comme on<\/p>\n\t\t<\/div>\n\t\t\t\t\t<a class=\"elementor-post__read-more\" href=\"https:\/\/capitalhistory.ca\/fr\/le-genre-et-la-sexualite\/lhotel-lord-elgin\/\" >\n\t\t\t\tRead More \u00bb\t\t\t<\/a>\n\t\t\t\t<\/div>\n\t\t\t\t<div class=\"elementor-post__meta-data\">\n\t\t\t\t\t<span class=\"elementor-post-date\">\n\t\t\tDecember 6, 2018\t\t<\/span>\n\t\t\t\t<span class=\"elementor-post-avatar\">\n\t\t\tNo Comments\t\t<\/span>\n\t\t\t\t<\/div>\n\t\t\t\t\t<\/div>\n\t\t<\/article>\n\t\t\t\t<article class=\"elementor-post elementor-grid-item post-706 post type-post status-publish format-standard hentry category-le-genre-et-la-sexualite category-personnes\">\n\t\t\t<div class=\"elementor-post__card\">\n\t\t\t\t<div class=\"elementor-post__text\">\n\t\t\t\t<h3 class=\"elementor-post__title\">\n\t\t\t<a href=\"https:\/\/capitalhistory.ca\/fr\/le-genre-et-la-sexualite\/elisabeth-bruyere-et-lepidemie-de-typhus-de-1847\/\" >\n\t\t\t\t\u00c9LISABETH BRUY\u00c8RE ET L\u2019\u00c9PID\u00c9MIE DE TYPHUS DE 1847\t\t\t<\/a>\n\t\t<\/h3>\n\t\t\t\t<div class=\"elementor-post__excerpt\">\n\t\t\t<p>En 1845, \u00c9lisabeth Bruy\u00e8re de la Congr\u00e9gation des s\u0153urs grises de Montr\u00e9al a fond\u00e9 les S\u0153urs de la Charit\u00e9 dans la Basse-ville d\u2019Ottawa. Les b\u00e2timents<\/p>\n\t\t<\/div>\n\t\t\t\t\t<a class=\"elementor-post__read-more\" href=\"https:\/\/capitalhistory.ca\/fr\/le-genre-et-la-sexualite\/elisabeth-bruyere-et-lepidemie-de-typhus-de-1847\/\" >\n\t\t\t\tRead More \u00bb\t\t\t<\/a>\n\t\t\t\t<\/div>\n\t\t\t\t<div class=\"elementor-post__meta-data\">\n\t\t\t\t\t<span class=\"elementor-post-date\">\n\t\t\tDecember 5, 2018\t\t<\/span>\n\t\t\t\t<span class=\"elementor-post-avatar\">\n\t\t\tNo Comments\t\t<\/span>\n\t\t\t\t<\/div>\n\t\t\t\t\t<\/div>\n\t\t<\/article>\n\t\t\t\t<\/div>\n\n\n\t\t\n\t\t\t\t<\/div>\n\t\t\t\t<\/div>\n\t\t\t\t\t<\/div>\n\t\t<\/div>\n\t\t\t\t\t\t\t<\/div>\n\t\t<\/section>\n\t\t\t\t\t\t<\/div>\n\t\t\t\t\t<\/div>\n\t\t","protected":false},"excerpt":{"rendered":"<p>Archives: Le Genre et la Sexualit\u00e9<\/p>\n","protected":false},"author":1,"featured_media":0,"parent":0,"menu_order":0,"comment_status":"closed","ping_status":"closed","template":"","meta":{"_mi_skip_tracking":false,"site-sidebar-layout":"no-sidebar","site-content-layout":"page-builder","ast-main-header-display":"","ast-hfb-above-header-display":"","ast-hfb-below-header-display":"","ast-hfb-mobile-header-display":"","site-post-title":"disabled","ast-breadcrumbs-content":"","ast-featured-img":"disabled","footer-sml-layout":"","theme-transparent-header-meta":"default","adv-header-id-meta":"","stick-header-meta":"","header-above-stick-meta":"","header-main-stick-meta":"","header-below-stick-meta":""},"yoast_head":"<!-- This site is optimized with the Yoast SEO plugin v19.9 - https:\/\/yoast.com\/wordpress\/plugins\/seo\/ -->\n<title>Archive: Le Genre et la Sexualit\u00e9 - Capital History<\/title>\n<meta name=\"robots\" content=\"index, follow, max-snippet:-1, max-image-preview:large, max-video-preview:-1\" \/>\n<link rel=\"canonical\" href=\"https:\/\/capitalhistory.ca\/fr\/archive-legenreetlasexualite\/\" \/>\n<meta property=\"og:locale\" content=\"fr_FR\" \/>\n<meta property=\"og:type\" content=\"article\" \/>\n<meta property=\"og:title\" content=\"Archive: Le Genre et la Sexualit\u00e9 - Capital History\" \/>\n<meta property=\"og:description\" content=\"Archives: Le Genre et la Sexualit\u00e9\" \/>\n<meta property=\"og:url\" content=\"https:\/\/capitalhistory.ca\/fr\/archive-legenreetlasexualite\/\" \/>\n<meta property=\"og:site_name\" content=\"Capital History\" \/>\n<meta property=\"article:modified_time\" content=\"2021-08-18T14:52:15+00:00\" \/>\n<meta name=\"twitter:card\" content=\"summary_large_image\" \/>\n<script type=\"application\/ld+json\" class=\"yoast-schema-graph\">{\"@context\":\"https:\/\/schema.org\",\"@graph\":[{\"@type\":\"WebPage\",\"@id\":\"https:\/\/capitalhistory.ca\/fr\/archive-legenreetlasexualite\/\",\"url\":\"https:\/\/capitalhistory.ca\/fr\/archive-legenreetlasexualite\/\",\"name\":\"Archive: Le Genre et la Sexualit\u00e9 - Capital History\",\"isPartOf\":{\"@id\":\"https:\/\/capitalhistory.ca\/#website\"},\"datePublished\":\"2021-08-18T14:49:13+00:00\",\"dateModified\":\"2021-08-18T14:52:15+00:00\",\"breadcrumb\":{\"@id\":\"https:\/\/capitalhistory.ca\/fr\/archive-legenreetlasexualite\/#breadcrumb\"},\"inLanguage\":\"fr-FR\",\"potentialAction\":[{\"@type\":\"ReadAction\",\"target\":[\"https:\/\/capitalhistory.ca\/fr\/archive-legenreetlasexualite\/\"]}]},{\"@type\":\"BreadcrumbList\",\"@id\":\"https:\/\/capitalhistory.ca\/fr\/archive-legenreetlasexualite\/#breadcrumb\",\"itemListElement\":[{\"@type\":\"ListItem\",\"position\":1,\"name\":\"Home\",\"item\":\"https:\/\/capitalhistory.ca\/fr\/\"},{\"@type\":\"ListItem\",\"position\":2,\"name\":\"Archive: Le Genre et la Sexualit\u00e9\"}]},{\"@type\":\"WebSite\",\"@id\":\"https:\/\/capitalhistory.ca\/#website\",\"url\":\"https:\/\/capitalhistory.ca\/\",\"name\":\"Capital History\",\"description\":\"Stories Through Time\",\"publisher\":{\"@id\":\"https:\/\/capitalhistory.ca\/#organization\"},\"potentialAction\":[{\"@type\":\"SearchAction\",\"target\":{\"@type\":\"EntryPoint\",\"urlTemplate\":\"https:\/\/capitalhistory.ca\/?s={search_term_string}\"},\"query-input\":\"required name=search_term_string\"}],\"inLanguage\":\"fr-FR\"},{\"@type\":\"Organization\",\"@id\":\"https:\/\/capitalhistory.ca\/#organization\",\"name\":\"Capital History\",\"url\":\"https:\/\/capitalhistory.ca\/\",\"logo\":{\"@type\":\"ImageObject\",\"inLanguage\":\"fr-FR\",\"@id\":\"https:\/\/capitalhistory.ca\/#\/schema\/logo\/image\/\",\"url\":\"https:\/\/capitalhistory.ca\/wp-content\/uploads\/2017\/05\/CapitalHistoryLogo.png\",\"contentUrl\":\"https:\/\/capitalhistory.ca\/wp-content\/uploads\/2017\/05\/CapitalHistoryLogo.png\",\"width\":778,\"height\":323,\"caption\":\"Capital History\"},\"image\":{\"@id\":\"https:\/\/capitalhistory.ca\/#\/schema\/logo\/image\/\"}}]}<\/script>\n<!-- \/ Yoast SEO plugin. -->","yoast_head_json":{"title":"Archive: Le Genre et la Sexualit\u00e9 - Capital History","robots":{"index":"index","follow":"follow","max-snippet":"max-snippet:-1","max-image-preview":"max-image-preview:large","max-video-preview":"max-video-preview:-1"},"canonical":"https:\/\/capitalhistory.ca\/fr\/archive-legenreetlasexualite\/","og_locale":"fr_FR","og_type":"article","og_title":"Archive: Le Genre et la Sexualit\u00e9 - Capital History","og_description":"Archives: Le Genre et la Sexualit\u00e9","og_url":"https:\/\/capitalhistory.ca\/fr\/archive-legenreetlasexualite\/","og_site_name":"Capital History","article_modified_time":"2021-08-18T14:52:15+00:00","twitter_card":"summary_large_image","schema":{"@context":"https:\/\/schema.org","@graph":[{"@type":"WebPage","@id":"https:\/\/capitalhistory.ca\/fr\/archive-legenreetlasexualite\/","url":"https:\/\/capitalhistory.ca\/fr\/archive-legenreetlasexualite\/","name":"Archive: Le Genre et la Sexualit\u00e9 - Capital History","isPartOf":{"@id":"https:\/\/capitalhistory.ca\/#website"},"datePublished":"2021-08-18T14:49:13+00:00","dateModified":"2021-08-18T14:52:15+00:00","breadcrumb":{"@id":"https:\/\/capitalhistory.ca\/fr\/archive-legenreetlasexualite\/#breadcrumb"},"inLanguage":"fr-FR","potentialAction":[{"@type":"ReadAction","target":["https:\/\/capitalhistory.ca\/fr\/archive-legenreetlasexualite\/"]}]},{"@type":"BreadcrumbList","@id":"https:\/\/capitalhistory.ca\/fr\/archive-legenreetlasexualite\/#breadcrumb","itemListElement":[{"@type":"ListItem","position":1,"name":"Home","item":"https:\/\/capitalhistory.ca\/fr\/"},{"@type":"ListItem","position":2,"name":"Archive: Le Genre et la Sexualit\u00e9"}]},{"@type":"WebSite","@id":"https:\/\/capitalhistory.ca\/#website","url":"https:\/\/capitalhistory.ca\/","name":"Capital History","description":"Stories Through Time","publisher":{"@id":"https:\/\/capitalhistory.ca\/#organization"},"potentialAction":[{"@type":"SearchAction","target":{"@type":"EntryPoint","urlTemplate":"https:\/\/capitalhistory.ca\/?s={search_term_string}"},"query-input":"required name=search_term_string"}],"inLanguage":"fr-FR"},{"@type":"Organization","@id":"https:\/\/capitalhistory.ca\/#organization","name":"Capital History","url":"https:\/\/capitalhistory.ca\/","logo":{"@type":"ImageObject","inLanguage":"fr-FR","@id":"https:\/\/capitalhistory.ca\/#\/schema\/logo\/image\/","url":"https:\/\/capitalhistory.ca\/wp-content\/uploads\/2017\/05\/CapitalHistoryLogo.png","contentUrl":"https:\/\/capitalhistory.ca\/wp-content\/uploads\/2017\/05\/CapitalHistoryLogo.png","width":778,"height":323,"caption":"Capital History"},"image":{"@id":"https:\/\/capitalhistory.ca\/#\/schema\/logo\/image\/"}}]}},"_links":{"self":[{"href":"https:\/\/capitalhistory.ca\/fr\/wp-json\/wp\/v2\/pages\/2088"}],"collection":[{"href":"https:\/\/capitalhistory.ca\/fr\/wp-json\/wp\/v2\/pages"}],"about":[{"href":"https:\/\/capitalhistory.ca\/fr\/wp-json\/wp\/v2\/types\/page"}],"author":[{"embeddable":true,"href":"https:\/\/capitalhistory.ca\/fr\/wp-json\/wp\/v2\/users\/1"}],"replies":[{"embeddable":true,"href":"https:\/\/capitalhistory.ca\/fr\/wp-json\/wp\/v2\/comments?post=2088"}],"version-history":[{"count":5,"href":"https:\/\/capitalhistory.ca\/fr\/wp-json\/wp\/v2\/pages\/2088\/revisions"}],"predecessor-version":[{"id":2093,"href":"https:\/\/capitalhistory.ca\/fr\/wp-json\/wp\/v2\/pages\/2088\/revisions\/2093"}],"wp:attachment":[{"href":"https:\/\/capitalhistory.ca\/fr\/wp-json\/wp\/v2\/media?parent=2088"}],"curies":[{"name":"wp","href":"https:\/\/api.w.org\/{rel}","templated":true}]}}