{"id":2100,"date":"2021-08-18T15:11:52","date_gmt":"2021-08-18T15:11:52","guid":{"rendered":"http:\/\/capitalhistory.ca\/?page_id=2100\/"},"modified":"2021-08-18T18:05:42","modified_gmt":"2021-08-18T18:05:42","slug":"archive-technologies","status":"publish","type":"page","link":"https:\/\/capitalhistory.ca\/fr\/archive-technologies\/","title":{"rendered":"Archive: Technologies"},"content":{"rendered":"\t\t<div data-elementor-type=\"wp-page\" data-elementor-id=\"2100\" class=\"elementor elementor-2100\" data-elementor-settings=\"[]\">\n\t\t\t\t\t\t\t<div class=\"elementor-section-wrap\">\n\t\t\t\t\t\t\t<section class=\"elementor-section elementor-top-section elementor-element elementor-element-4ebb91de elementor-section-boxed elementor-section-height-default elementor-section-height-default\" data-id=\"4ebb91de\" data-element_type=\"section\">\n\t\t\t\t\t\t<div class=\"elementor-container elementor-column-gap-default\">\n\t\t\t\t\t<div class=\"elementor-column elementor-col-100 elementor-top-column elementor-element elementor-element-464388fa\" data-id=\"464388fa\" data-element_type=\"column\">\n\t\t\t<div class=\"elementor-widget-wrap elementor-element-populated\">\n\t\t\t\t\t\t\t\t<div class=\"elementor-element elementor-element-65e0bf8a elementor-widget elementor-widget-heading\" data-id=\"65e0bf8a\" data-element_type=\"widget\" data-widget_type=\"heading.default\">\n\t\t\t\t<div class=\"elementor-widget-container\">\n\t\t\t<h2 class=\"elementor-heading-title elementor-size-default\">Archives: Technologies<\/h2>\t\t<\/div>\n\t\t\t\t<\/div>\n\t\t\t\t\t<\/div>\n\t\t<\/div>\n\t\t\t\t\t\t\t<\/div>\n\t\t<\/section>\n\t\t\t\t<section class=\"elementor-section elementor-top-section elementor-element elementor-element-7e3f2b37 elementor-section-boxed elementor-section-height-default elementor-section-height-default\" data-id=\"7e3f2b37\" data-element_type=\"section\">\n\t\t\t\t\t\t<div class=\"elementor-container elementor-column-gap-default\">\n\t\t\t\t\t<div class=\"elementor-column elementor-col-100 elementor-top-column elementor-element elementor-element-1aee260c\" data-id=\"1aee260c\" data-element_type=\"column\">\n\t\t\t<div class=\"elementor-widget-wrap elementor-element-populated\">\n\t\t\t\t\t\t\t\t<div class=\"elementor-element elementor-element-63e022dd elementor-grid-2 elementor-grid-tablet-2 elementor-grid-mobile-1 elementor-posts--thumbnail-top elementor-card-shadow-yes elementor-posts__hover-gradient elementor-widget elementor-widget-posts\" data-id=\"63e022dd\" data-element_type=\"widget\" data-settings=\"{&quot;pagination_type&quot;:&quot;numbers&quot;,&quot;cards_columns&quot;:&quot;2&quot;,&quot;cards_columns_tablet&quot;:&quot;2&quot;,&quot;cards_columns_mobile&quot;:&quot;1&quot;,&quot;cards_row_gap&quot;:{&quot;unit&quot;:&quot;px&quot;,&quot;size&quot;:35,&quot;sizes&quot;:[]}}\" data-widget_type=\"posts.cards\">\n\t\t\t\t<div class=\"elementor-widget-container\">\n\t\t\t\t\t<div class=\"elementor-posts-container elementor-posts elementor-posts--skin-cards elementor-grid\">\n\t\t\t\t<article class=\"elementor-post elementor-grid-item post-572 post type-post status-publish format-standard hentry category-technologies-de-la-capitale\">\n\t\t\t<div class=\"elementor-post__card\">\n\t\t\t\t<div class=\"elementor-post__text\">\n\t\t\t\t<h3 class=\"elementor-post__title\">\n\t\t\t<a href=\"https:\/\/capitalhistory.ca\/fr\/technologies-de-la-capitale\/cbc\/\" >\n\t\t\t\tCBC\t\t\t<\/a>\n\t\t<\/h3>\n\t\t\t\t<div class=\"elementor-post__excerpt\">\n\t\t\t<p>Voyageurs \u00e0 l&#8217;\u00e9coute dans la voiture-radio Maple Leaf Collection du SMSTC\/CN: CN000299 La Soci\u00e9t\u00e9 Radio-Canada tire ses origines du r\u00e9seau radiophonique du Canadien National (Canadian<\/p>\n\t\t<\/div>\n\t\t\t\t\t<a class=\"elementor-post__read-more\" href=\"https:\/\/capitalhistory.ca\/fr\/technologies-de-la-capitale\/cbc\/\" >\n\t\t\t\tRead More \u00bb\t\t\t<\/a>\n\t\t\t\t<\/div>\n\t\t\t\t<div class=\"elementor-post__meta-data\">\n\t\t\t\t\t<span class=\"elementor-post-date\">\n\t\t\tJuly 6, 2017\t\t<\/span>\n\t\t\t\t<span class=\"elementor-post-avatar\">\n\t\t\tNo Comments\t\t<\/span>\n\t\t\t\t<\/div>\n\t\t\t\t\t<\/div>\n\t\t<\/article>\n\t\t\t\t<article class=\"elementor-post elementor-grid-item post-617 post type-post status-publish format-standard hentry category-technologies-de-la-capitale\">\n\t\t\t<div class=\"elementor-post__card\">\n\t\t\t\t<div class=\"elementor-post__text\">\n\t\t\t\t<h3 class=\"elementor-post__title\">\n\t\t\t<a href=\"https:\/\/capitalhistory.ca\/fr\/technologies-de-la-capitale\/caisse-populaire-saint-charles\/\" >\n\t\t\t\tCAISSE POPULAIRE SAINT-CHARLES\t\t\t<\/a>\n\t\t<\/h3>\n\t\t\t\t<div class=\"elementor-post__excerpt\">\n\t\t\t<p>L\u00e9o Paquette, Paroisse Saint-Charles, Vanier, Ontario, 1908-1988. Vanier (Ontario)\u00a0: Entreprises Jeanneville, 1992, p.\u00a0177. \u00c0 l\u2019origine, la Caisse accordait des pr\u00eats \u00e0 ses membres pour financer<\/p>\n\t\t<\/div>\n\t\t\t\t\t<a class=\"elementor-post__read-more\" href=\"https:\/\/capitalhistory.ca\/fr\/technologies-de-la-capitale\/caisse-populaire-saint-charles\/\" >\n\t\t\t\tRead More \u00bb\t\t\t<\/a>\n\t\t\t\t<\/div>\n\t\t\t\t<div class=\"elementor-post__meta-data\">\n\t\t\t\t\t<span class=\"elementor-post-date\">\n\t\t\tAugust 29, 2017\t\t<\/span>\n\t\t\t\t<span class=\"elementor-post-avatar\">\n\t\t\tNo Comments\t\t<\/span>\n\t\t\t\t<\/div>\n\t\t\t\t\t<\/div>\n\t\t<\/article>\n\t\t\t\t<article class=\"elementor-post elementor-grid-item post-560 post type-post status-publish format-standard hentry category-technologies-de-la-capitale\">\n\t\t\t<div class=\"elementor-post__card\">\n\t\t\t\t<div class=\"elementor-post__text\">\n\t\t\t\t<h3 class=\"elementor-post__title\">\n\t\t\t<a href=\"https:\/\/capitalhistory.ca\/fr\/technologies-de-la-capitale\/la-prison-dottawa\/\" >\n\t\t\t\tLA PRISON D\u2019OTTAWA\t\t\t<\/a>\n\t\t<\/h3>\n\t\t\t\t<div class=\"elementor-post__excerpt\">\n\t\t\t<p>Cr\u00e9dit photo\u00a0: page Facebook de l\u2019auberge HI-Ottawa Jail (www.facebook.com\/hiottawajail) Voyant Ottawa (appel\u00e9e Bytown \u00e0 l\u2019\u00e9poque) prendre de l\u2019expansion, le comt\u00e9 de Carleton a jug\u00e9 qu\u2019une<\/p>\n\t\t<\/div>\n\t\t\t\t\t<a class=\"elementor-post__read-more\" href=\"https:\/\/capitalhistory.ca\/fr\/technologies-de-la-capitale\/la-prison-dottawa\/\" >\n\t\t\t\tRead More \u00bb\t\t\t<\/a>\n\t\t\t\t<\/div>\n\t\t\t\t<div class=\"elementor-post__meta-data\">\n\t\t\t\t\t<span class=\"elementor-post-date\">\n\t\t\tJuly 6, 2017\t\t<\/span>\n\t\t\t\t<span class=\"elementor-post-avatar\">\n\t\t\tNo Comments\t\t<\/span>\n\t\t\t\t<\/div>\n\t\t\t\t\t<\/div>\n\t\t<\/article>\n\t\t\t\t<article class=\"elementor-post elementor-grid-item post-974 post type-post status-publish format-standard hentry category-technologies-de-la-capitale\">\n\t\t\t<div class=\"elementor-post__card\">\n\t\t\t\t<div class=\"elementor-post__text\">\n\t\t\t\t<h3 class=\"elementor-post__title\">\n\t\t\t<a href=\"https:\/\/capitalhistory.ca\/fr\/technologies-de-la-capitale\/le-clarendon\/\" >\n\t\t\t\tLE CLARENDON\t\t\t<\/a>\n\t\t<\/h3>\n\t\t\t\t<div class=\"elementor-post__excerpt\">\n\t\t\t\t\t<\/div>\n\t\t\t\t\t<a class=\"elementor-post__read-more\" href=\"https:\/\/capitalhistory.ca\/fr\/technologies-de-la-capitale\/le-clarendon\/\" >\n\t\t\t\tRead More \u00bb\t\t\t<\/a>\n\t\t\t\t<\/div>\n\t\t\t\t<div class=\"elementor-post__meta-data\">\n\t\t\t\t\t<span class=\"elementor-post-date\">\n\t\t\tJanuary 10, 2020\t\t<\/span>\n\t\t\t\t<span class=\"elementor-post-avatar\">\n\t\t\tNo Comments\t\t<\/span>\n\t\t\t\t<\/div>\n\t\t\t\t\t<\/div>\n\t\t<\/article>\n\t\t\t\t<article class=\"elementor-post elementor-grid-item post-691 post type-post status-publish format-standard hentry category-technologies-de-la-capitale\">\n\t\t\t<div class=\"elementor-post__card\">\n\t\t\t\t<div class=\"elementor-post__text\">\n\t\t\t\t<h3 class=\"elementor-post__title\">\n\t\t\t<a href=\"https:\/\/capitalhistory.ca\/fr\/technologies-de-la-capitale\/la-caserne-de-lansdowne\/\" >\n\t\t\t\tLA CASERNE DE LANSDOWNE\t\t\t<\/a>\n\t\t<\/h3>\n\t\t\t\t<div class=\"elementor-post__excerpt\">\n\t\t\t<p>&nbsp; &nbsp; &nbsp; &nbsp; Saviez-vous que le parc Lansdowne \u00e9tait autrefois bien plus qu\u2019un complexe sportif et d\u2019exposition?\u00a0Pendant la Premi\u00e8re et la Seconde Guerre mondiale,<\/p>\n\t\t<\/div>\n\t\t\t\t\t<a class=\"elementor-post__read-more\" href=\"https:\/\/capitalhistory.ca\/fr\/technologies-de-la-capitale\/la-caserne-de-lansdowne\/\" >\n\t\t\t\tRead More \u00bb\t\t\t<\/a>\n\t\t\t\t<\/div>\n\t\t\t\t<div class=\"elementor-post__meta-data\">\n\t\t\t\t\t<span class=\"elementor-post-date\">\n\t\t\tOctober 9, 2017\t\t<\/span>\n\t\t\t\t<span class=\"elementor-post-avatar\">\n\t\t\tNo Comments\t\t<\/span>\n\t\t\t\t<\/div>\n\t\t\t\t\t<\/div>\n\t\t<\/article>\n\t\t\t\t<article class=\"elementor-post elementor-grid-item post-1718 post type-post status-publish format-standard has-post-thumbnail hentry category-technologies-de-la-capitale\">\n\t\t\t<div class=\"elementor-post__card\">\n\t\t\t\t<a class=\"elementor-post__thumbnail__link\" href=\"https:\/\/capitalhistory.ca\/fr\/technologies-de-la-capitale\/gare-union\/\" >\n\t\t\t<div class=\"elementor-post__thumbnail\"><img width=\"300\" height=\"170\" src=\"https:\/\/capitalhistory.ca\/wp-content\/uploads\/2019\/10\/kiosk-11-300x170.jpg\" class=\"attachment-medium size-medium\" alt=\"\" loading=\"lazy\" srcset=\"https:\/\/capitalhistory.ca\/wp-content\/uploads\/2019\/10\/kiosk-11-300x170.jpg 300w, https:\/\/capitalhistory.ca\/wp-content\/uploads\/2019\/10\/kiosk-11-768x435.jpg 768w, https:\/\/capitalhistory.ca\/wp-content\/uploads\/2019\/10\/kiosk-11.jpg 970w\" sizes=\"(max-width: 300px) 100vw, 300px\" \/><\/div>\n\t\t<\/a>\n\t\t\t\t<div class=\"elementor-post__badge\">Technologies de la Capitale<\/div>\n\t\t\t\t<div class=\"elementor-post__text\">\n\t\t\t\t<h3 class=\"elementor-post__title\">\n\t\t\t<a href=\"https:\/\/capitalhistory.ca\/fr\/technologies-de-la-capitale\/gare-union\/\" >\n\t\t\t\tGARE UNION\t\t\t<\/a>\n\t\t<\/h3>\n\t\t\t\t<div class=\"elementor-post__excerpt\">\n\t\t\t<p>De 1912 jusqu\u2019au milieu des ann\u00e9es\u00a01960, des milliers de trains s\u2019arr\u00eataient \u00e0 la gare Union d\u2019Ottawa chaque ann\u00e9e, concourant \u00e0 l\u2019agitation du quotidien dans la<\/p>\n\t\t<\/div>\n\t\t\t\t\t<a class=\"elementor-post__read-more\" href=\"https:\/\/capitalhistory.ca\/fr\/technologies-de-la-capitale\/gare-union\/\" >\n\t\t\t\tRead More \u00bb\t\t\t<\/a>\n\t\t\t\t<\/div>\n\t\t\t\t<div class=\"elementor-post__meta-data\">\n\t\t\t\t\t<span class=\"elementor-post-date\">\n\t\t\tJuly 26, 2021\t\t<\/span>\n\t\t\t\t<span class=\"elementor-post-avatar\">\n\t\t\tNo Comments\t\t<\/span>\n\t\t\t\t<\/div>\n\t\t\t\t\t<\/div>\n\t\t<\/article>\n\t\t\t\t<\/div>\n\n\n\t\t\n\t\t\t\t<div class=\"e-load-more-anchor\" data-page=\"1\" data-max-page=\"2\"><\/div>\n\t\t\t\t<nav class=\"elementor-pagination\" role=\"navigation\" aria-label=\"Pagination\">\n\t\t\t<span aria-current=\"page\" class=\"page-numbers current\"><span class=\"elementor-screen-only\">Page<\/span>1<\/span>\n<a class=\"page-numbers\" href=\"https:\/\/capitalhistory.ca\/fr\/wp-json\/wp\/v2\/pages\/2100\/page\/2\/\"><span class=\"elementor-screen-only\">Page<\/span>2<\/a>\t\t<\/nav>\n\t\t\t\t<\/div>\n\t\t\t\t<\/div>\n\t\t\t\t\t<\/div>\n\t\t<\/div>\n\t\t\t\t\t\t\t<\/div>\n\t\t<\/section>\n\t\t\t\t\t\t<\/div>\n\t\t\t\t\t<\/div>\n\t\t","protected":false},"excerpt":{"rendered":"<p>Archives: Technologies<\/p>\n","protected":false},"author":1,"featured_media":0,"parent":0,"menu_order":0,"comment_status":"closed","ping_status":"closed","template":"","meta":{"_mi_skip_tracking":false,"site-sidebar-layout":"no-sidebar","site-content-layout":"page-builder","ast-main-header-display":"","ast-hfb-above-header-display":"","ast-hfb-below-header-display":"","ast-hfb-mobile-header-display":"","site-post-title":"disabled","ast-breadcrumbs-content":"","ast-featured-img":"disabled","footer-sml-layout":"","theme-transparent-header-meta":"default","adv-header-id-meta":"","stick-header-meta":"","header-above-stick-meta":"","header-main-stick-meta":"","header-below-stick-meta":""},"yoast_head":"<!-- This site is optimized with the Yoast SEO plugin v19.9 - https:\/\/yoast.com\/wordpress\/plugins\/seo\/ -->\n<title>Archive: Technologies - Capital History<\/title>\n<meta name=\"robots\" content=\"index, follow, max-snippet:-1, max-image-preview:large, max-video-preview:-1\" \/>\n<link rel=\"canonical\" href=\"https:\/\/capitalhistory.ca\/fr\/archive-technologies\/\" \/>\n<meta property=\"og:locale\" content=\"fr_FR\" \/>\n<meta property=\"og:type\" content=\"article\" \/>\n<meta property=\"og:title\" content=\"Archive: Technologies - Capital History\" \/>\n<meta property=\"og:description\" content=\"Archives: Technologies\" \/>\n<meta property=\"og:url\" content=\"https:\/\/capitalhistory.ca\/fr\/archive-technologies\/\" \/>\n<meta property=\"og:site_name\" content=\"Capital History\" \/>\n<meta property=\"article:modified_time\" content=\"2021-08-18T18:05:42+00:00\" \/>\n<meta name=\"twitter:card\" content=\"summary_large_image\" \/>\n<script type=\"application\/ld+json\" class=\"yoast-schema-graph\">{\"@context\":\"https:\/\/schema.org\",\"@graph\":[{\"@type\":\"WebPage\",\"@id\":\"https:\/\/capitalhistory.ca\/fr\/archive-technologies\/\",\"url\":\"https:\/\/capitalhistory.ca\/fr\/archive-technologies\/\",\"name\":\"Archive: Technologies - Capital History\",\"isPartOf\":{\"@id\":\"https:\/\/capitalhistory.ca\/#website\"},\"datePublished\":\"2021-08-18T15:11:52+00:00\",\"dateModified\":\"2021-08-18T18:05:42+00:00\",\"breadcrumb\":{\"@id\":\"https:\/\/capitalhistory.ca\/fr\/archive-technologies\/#breadcrumb\"},\"inLanguage\":\"fr-FR\",\"potentialAction\":[{\"@type\":\"ReadAction\",\"target\":[\"https:\/\/capitalhistory.ca\/fr\/archive-technologies\/\"]}]},{\"@type\":\"BreadcrumbList\",\"@id\":\"https:\/\/capitalhistory.ca\/fr\/archive-technologies\/#breadcrumb\",\"itemListElement\":[{\"@type\":\"ListItem\",\"position\":1,\"name\":\"Home\",\"item\":\"https:\/\/capitalhistory.ca\/fr\/\"},{\"@type\":\"ListItem\",\"position\":2,\"name\":\"Archive: Technologies\"}]},{\"@type\":\"WebSite\",\"@id\":\"https:\/\/capitalhistory.ca\/#website\",\"url\":\"https:\/\/capitalhistory.ca\/\",\"name\":\"Capital History\",\"description\":\"Stories Through Time\",\"publisher\":{\"@id\":\"https:\/\/capitalhistory.ca\/#organization\"},\"potentialAction\":[{\"@type\":\"SearchAction\",\"target\":{\"@type\":\"EntryPoint\",\"urlTemplate\":\"https:\/\/capitalhistory.ca\/?s={search_term_string}\"},\"query-input\":\"required name=search_term_string\"}],\"inLanguage\":\"fr-FR\"},{\"@type\":\"Organization\",\"@id\":\"https:\/\/capitalhistory.ca\/#organization\",\"name\":\"Capital History\",\"url\":\"https:\/\/capitalhistory.ca\/\",\"logo\":{\"@type\":\"ImageObject\",\"inLanguage\":\"fr-FR\",\"@id\":\"https:\/\/capitalhistory.ca\/#\/schema\/logo\/image\/\",\"url\":\"https:\/\/capitalhistory.ca\/wp-content\/uploads\/2017\/05\/CapitalHistoryLogo.png\",\"contentUrl\":\"https:\/\/capitalhistory.ca\/wp-content\/uploads\/2017\/05\/CapitalHistoryLogo.png\",\"width\":778,\"height\":323,\"caption\":\"Capital History\"},\"image\":{\"@id\":\"https:\/\/capitalhistory.ca\/#\/schema\/logo\/image\/\"}}]}<\/script>\n<!-- \/ Yoast SEO plugin. -->","yoast_head_json":{"title":"Archive: Technologies - Capital History","robots":{"index":"index","follow":"follow","max-snippet":"max-snippet:-1","max-image-preview":"max-image-preview:large","max-video-preview":"max-video-preview:-1"},"canonical":"https:\/\/capitalhistory.ca\/fr\/archive-technologies\/","og_locale":"fr_FR","og_type":"article","og_title":"Archive: Technologies - Capital History","og_description":"Archives: Technologies","og_url":"https:\/\/capitalhistory.ca\/fr\/archive-technologies\/","og_site_name":"Capital History","article_modified_time":"2021-08-18T18:05:42+00:00","twitter_card":"summary_large_image","schema":{"@context":"https:\/\/schema.org","@graph":[{"@type":"WebPage","@id":"https:\/\/capitalhistory.ca\/fr\/archive-technologies\/","url":"https:\/\/capitalhistory.ca\/fr\/archive-technologies\/","name":"Archive: Technologies - Capital History","isPartOf":{"@id":"https:\/\/capitalhistory.ca\/#website"},"datePublished":"2021-08-18T15:11:52+00:00","dateModified":"2021-08-18T18:05:42+00:00","breadcrumb":{"@id":"https:\/\/capitalhistory.ca\/fr\/archive-technologies\/#breadcrumb"},"inLanguage":"fr-FR","potentialAction":[{"@type":"ReadAction","target":["https:\/\/capitalhistory.ca\/fr\/archive-technologies\/"]}]},{"@type":"BreadcrumbList","@id":"https:\/\/capitalhistory.ca\/fr\/archive-technologies\/#breadcrumb","itemListElement":[{"@type":"ListItem","position":1,"name":"Home","item":"https:\/\/capitalhistory.ca\/fr\/"},{"@type":"ListItem","position":2,"name":"Archive: Technologies"}]},{"@type":"WebSite","@id":"https:\/\/capitalhistory.ca\/#website","url":"https:\/\/capitalhistory.ca\/","name":"Capital History","description":"Stories Through Time","publisher":{"@id":"https:\/\/capitalhistory.ca\/#organization"},"potentialAction":[{"@type":"SearchAction","target":{"@type":"EntryPoint","urlTemplate":"https:\/\/capitalhistory.ca\/?s={search_term_string}"},"query-input":"required name=search_term_string"}],"inLanguage":"fr-FR"},{"@type":"Organization","@id":"https:\/\/capitalhistory.ca\/#organization","name":"Capital History","url":"https:\/\/capitalhistory.ca\/","logo":{"@type":"ImageObject","inLanguage":"fr-FR","@id":"https:\/\/capitalhistory.ca\/#\/schema\/logo\/image\/","url":"https:\/\/capitalhistory.ca\/wp-content\/uploads\/2017\/05\/CapitalHistoryLogo.png","contentUrl":"https:\/\/capitalhistory.ca\/wp-content\/uploads\/2017\/05\/CapitalHistoryLogo.png","width":778,"height":323,"caption":"Capital History"},"image":{"@id":"https:\/\/capitalhistory.ca\/#\/schema\/logo\/image\/"}}]}},"_links":{"self":[{"href":"https:\/\/capitalhistory.ca\/fr\/wp-json\/wp\/v2\/pages\/2100"}],"collection":[{"href":"https:\/\/capitalhistory.ca\/fr\/wp-json\/wp\/v2\/pages"}],"about":[{"href":"https:\/\/capitalhistory.ca\/fr\/wp-json\/wp\/v2\/types\/page"}],"author":[{"embeddable":true,"href":"https:\/\/capitalhistory.ca\/fr\/wp-json\/wp\/v2\/users\/1"}],"replies":[{"embeddable":true,"href":"https:\/\/capitalhistory.ca\/fr\/wp-json\/wp\/v2\/comments?post=2100"}],"version-history":[{"count":5,"href":"https:\/\/capitalhistory.ca\/fr\/wp-json\/wp\/v2\/pages\/2100\/revisions"}],"predecessor-version":[{"id":2105,"href":"https:\/\/capitalhistory.ca\/fr\/wp-json\/wp\/v2\/pages\/2100\/revisions\/2105"}],"wp:attachment":[{"href":"https:\/\/capitalhistory.ca\/fr\/wp-json\/wp\/v2\/media?parent=2100"}],"curies":[{"name":"wp","href":"https:\/\/api.w.org\/{rel}","templated":true}]}}